{"id":19,"date":"2023-09-13T15:04:56","date_gmt":"2023-09-13T13:04:56","guid":{"rendered":"http:\/\/www.novalia.com.tn\/?page_id=19"},"modified":"2023-09-22T18:27:24","modified_gmt":"2023-09-22T16:27:24","slug":"a-propos","status":"publish","type":"page","link":"https:\/\/www.novalia.com.tn\/?page_id=19","title":{"rendered":"A Propos"},"content":{"rendered":"\t\t<div data-elementor-type=\"wp-page\" data-elementor-id=\"19\" class=\"elementor elementor-19\">\n\t\t\t\t\t\t\t<div class=\"elementor-element elementor-element-64419b1e e-con-full e-flex e-con e-parent\" data-id=\"64419b1e\" data-element_type=\"container\" data-settings=\"{&quot;content_width&quot;:&quot;full&quot;}\" data-core-v316-plus=\"true\">\n\t\t<div class=\"elementor-element elementor-element-f46c8c3 e-con-full e-flex e-con e-child\" data-id=\"f46c8c3\" data-element_type=\"container\" data-settings=\"{&quot;content_width&quot;:&quot;full&quot;}\">\n\t\t\t\t<div class=\"elementor-element elementor-element-7c42448c elementor-widget elementor-widget-heading\" data-id=\"7c42448c\" data-element_type=\"widget\" data-widget_type=\"heading.default\">\n\t\t\t\t<div class=\"elementor-widget-container\">\n\t\t\t<style>\/*! elementor - v3.16.0 - 13-09-2023 *\/\n.elementor-heading-title{padding:0;margin:0;line-height:1}.elementor-widget-heading .elementor-heading-title[class*=elementor-size-]>a{color:inherit;font-size:inherit;line-height:inherit}.elementor-widget-heading .elementor-heading-title.elementor-size-small{font-size:15px}.elementor-widget-heading .elementor-heading-title.elementor-size-medium{font-size:19px}.elementor-widget-heading .elementor-heading-title.elementor-size-large{font-size:29px}.elementor-widget-heading .elementor-heading-title.elementor-size-xl{font-size:39px}.elementor-widget-heading .elementor-heading-title.elementor-size-xxl{font-size:59px}<\/style><h1 class=\"elementor-heading-title elementor-size-default\">Qui sommes nous ?<\/h1>\t\t<\/div>\n\t\t\t\t<\/div>\n\t\t\t\t<div class=\"elementor-element elementor-element-722bf215 elementor-widget elementor-widget-text-editor\" data-id=\"722bf215\" data-element_type=\"widget\" data-widget_type=\"text-editor.default\">\n\t\t\t\t<div class=\"elementor-widget-container\">\n\t\t\t<style>\/*! elementor - v3.16.0 - 13-09-2023 *\/\n.elementor-widget-text-editor.elementor-drop-cap-view-stacked .elementor-drop-cap{background-color:#69727d;color:#fff}.elementor-widget-text-editor.elementor-drop-cap-view-framed .elementor-drop-cap{color:#69727d;border:3px solid;background-color:transparent}.elementor-widget-text-editor:not(.elementor-drop-cap-view-default) .elementor-drop-cap{margin-top:8px}.elementor-widget-text-editor:not(.elementor-drop-cap-view-default) .elementor-drop-cap-letter{width:1em;height:1em}.elementor-widget-text-editor .elementor-drop-cap{float:left;text-align:center;line-height:1;font-size:50px}.elementor-widget-text-editor .elementor-drop-cap-letter{display:inline-block}<\/style>\t\t\t\t<p>nous sommes une \u00e9quipe passionn\u00e9e d\u00e9di\u00e9e \u00e0 ouvrir les portes du monde pour les \u00e9tudiants et les professionnels tunisiens. Notre mission est de faciliter l&rsquo;acc\u00e8s \u00e0 des opportunit\u00e9s \u00e9ducatives et professionnelles internationales, car nous croyons fermement que l&rsquo;exp\u00e9rience de l&rsquo;\u00e9tude et du travail \u00e0 l&rsquo;\u00e9tranger peut transformer des vies.<\/p>\t\t\t\t\t\t<\/div>\n\t\t\t\t<\/div>\n\t\t\t\t<\/div>\n\t\t<div class=\"elementor-element elementor-element-6b96c9d0 e-con-full e-flex e-con e-child\" data-id=\"6b96c9d0\" data-element_type=\"container\" data-settings=\"{&quot;content_width&quot;:&quot;full&quot;}\">\n\t\t\t\t<div class=\"elementor-element elementor-element-319ff91a elementor-widget elementor-widget-image\" data-id=\"319ff91a\" data-element_type=\"widget\" data-widget_type=\"image.default\">\n\t\t\t\t<div class=\"elementor-widget-container\">\n\t\t\t<style>\/*! elementor - v3.16.0 - 13-09-2023 *\/\n.elementor-widget-image{text-align:center}.elementor-widget-image a{display:inline-block}.elementor-widget-image a img[src$=\".svg\"]{width:48px}.elementor-widget-image img{vertical-align:middle;display:inline-block}<\/style>\t\t\t\t\t\t\t\t\t\t\t\t<img loading=\"lazy\" decoding=\"async\" width=\"1024\" height=\"683\" src=\"https:\/\/www.novalia.com.tn\/wp-content\/uploads\/2023\/09\/collaborateurs-dans-salle-reunion-au-bureau-1024x683.jpg\" class=\"attachment-large size-large wp-image-156\" alt=\"\" srcset=\"https:\/\/www.novalia.com.tn\/wp-content\/uploads\/2023\/09\/collaborateurs-dans-salle-reunion-au-bureau-1024x683.jpg 1024w, https:\/\/www.novalia.com.tn\/wp-content\/uploads\/2023\/09\/collaborateurs-dans-salle-reunion-au-bureau-300x200.jpg 300w, https:\/\/www.novalia.com.tn\/wp-content\/uploads\/2023\/09\/collaborateurs-dans-salle-reunion-au-bureau-768x512.jpg 768w, https:\/\/www.novalia.com.tn\/wp-content\/uploads\/2023\/09\/collaborateurs-dans-salle-reunion-au-bureau-1536x1024.jpg 1536w, https:\/\/www.novalia.com.tn\/wp-content\/uploads\/2023\/09\/collaborateurs-dans-salle-reunion-au-bureau-2048x1365.jpg 2048w\" sizes=\"auto, (max-width: 1024px) 100vw, 1024px\" \/>\t\t\t\t\t\t\t\t\t\t\t\t\t\t\t<\/div>\n\t\t\t\t<\/div>\n\t\t\t\t<\/div>\n\t\t\t\t<\/div>\n\t\t<div class=\"elementor-element elementor-element-7a2a12f e-flex e-con-boxed e-con e-parent\" data-id=\"7a2a12f\" data-element_type=\"container\" data-settings=\"{&quot;content_width&quot;:&quot;boxed&quot;}\" data-core-v316-plus=\"true\">\n\t\t\t\t\t<div class=\"e-con-inner\">\n\t\t\t\t<div class=\"elementor-element elementor-element-cf49931 elementor-widget elementor-widget-heading\" data-id=\"cf49931\" data-element_type=\"widget\" data-widget_type=\"heading.default\">\n\t\t\t\t<div class=\"elementor-widget-container\">\n\t\t\t<h1 class=\"elementor-heading-title elementor-size-default\">Notre Engagement<\/h1>\t\t<\/div>\n\t\t\t\t<\/div>\n\t\t\t\t\t<\/div>\n\t\t\t\t<\/div>\n\t\t<div class=\"elementor-element elementor-element-98cc33f e-flex e-con-boxed e-con e-parent\" data-id=\"98cc33f\" data-element_type=\"container\" data-settings=\"{&quot;content_width&quot;:&quot;boxed&quot;}\" data-core-v316-plus=\"true\">\n\t\t\t\t\t<div class=\"e-con-inner\">\n\t\t<div class=\"elementor-element elementor-element-6938472 e-con-full e-flex e-con e-child\" data-id=\"6938472\" data-element_type=\"container\" data-settings=\"{&quot;content_width&quot;:&quot;full&quot;}\">\n\t\t<div class=\"elementor-element elementor-element-2f27f64 e-flex e-con-boxed e-con e-child\" data-id=\"2f27f64\" data-element_type=\"container\" data-settings=\"{&quot;content_width&quot;:&quot;boxed&quot;}\">\n\t\t\t\t\t<div class=\"e-con-inner\">\n\t\t\t\t<div class=\"elementor-element elementor-element-6895f63 elementor-widget elementor-widget-text-editor\" data-id=\"6895f63\" data-element_type=\"widget\" data-widget_type=\"text-editor.default\">\n\t\t\t\t<div class=\"elementor-widget-container\">\n\t\t\t\t\t\t\t<p>Depuis nos d\u00e9buts, nous nous sommes engag\u00e9s \u00e0 fournir des services de consultation personnalis\u00e9s de haute qualit\u00e9 pour ceux qui aspirent \u00e0 poursuivre des \u00e9tudes \u00e0 l&rsquo;\u00e9tranger ou \u00e0 b\u00e2tir une carri\u00e8re internationale. Nous comprenons les d\u00e9fis uniques auxquels sont confront\u00e9s les \u00e9tudiants et les professionnels tunisiens lorsqu&rsquo;ils envisagent de partir \u00e0 l&rsquo;\u00e9tranger, et nous sommes l\u00e0 pour les aider \u00e0 surmonter ces d\u00e9fis.<\/p><p>Que vous souhaitiez poursuivre des \u00e9tudes sup\u00e9rieures \u00e0 l&rsquo;\u00e9tranger, am\u00e9liorer vos comp\u00e9tences professionnelles, explorer de nouvelles opportunit\u00e9s de carri\u00e8re, ou simplement vivre une exp\u00e9rience internationale enrichissante, nous sommes l\u00e0 pour vous guider \u00e0 chaque \u00e9tape du processus. Nous vous aidons \u00e0 s\u00e9lectionner le programme ou l&#8217;emploi qui correspond le mieux \u00e0 vos objectifs, \u00e0 pr\u00e9parer des candidatures convaincantes, \u00e0 g\u00e9rer les formalit\u00e9s administratives et \u00e0 vous pr\u00e9parer pour une vie r\u00e9ussie \u00e0 l&rsquo;\u00e9tranger.<\/p>\t\t\t\t\t\t<\/div>\n\t\t\t\t<\/div>\n\t\t\t\t\t<\/div>\n\t\t\t\t<\/div>\n\t\t\t\t<\/div>\n\t\t\t\t\t<\/div>\n\t\t\t\t<\/div>\n\t\t\t\t\t\t\t<\/div>\n\t\t","protected":false},"excerpt":{"rendered":"<p>Qui sommes nous ? nous sommes une \u00e9quipe passionn\u00e9e d\u00e9di\u00e9e \u00e0 ouvrir les portes du monde pour les \u00e9tudiants et les professionnels tunisiens. Notre mission est de faciliter l&rsquo;acc\u00e8s \u00e0 des opportunit\u00e9s \u00e9ducatives et professionnelles internationales, car nous croyons fermement que l&rsquo;exp\u00e9rience de l&rsquo;\u00e9tude et du travail \u00e0 l&rsquo;\u00e9tranger peut transformer des vies. Notre Engagement [&hellip;]<\/p>\n","protected":false},"author":1,"featured_media":0,"parent":0,"menu_order":0,"comment_status":"closed","ping_status":"closed","template":"","meta":{"footnotes":""},"class_list":["post-19","page","type-page","status-publish","hentry","entry"],"yoast_head":"<!-- This site is optimized with the Yoast SEO plugin v21.1 - https:\/\/yoast.com\/wordpress\/plugins\/seo\/ -->\n<title>A Propos - WordPress<\/title>\n<meta name=\"robots\" content=\"index, follow, max-snippet:-1, max-image-preview:large, max-video-preview:-1\" \/>\n<link rel=\"canonical\" href=\"https:\/\/www.novalia.com.tn\/?page_id=19\" \/>\n<meta property=\"og:locale\" content=\"fr_FR\" \/>\n<meta property=\"og:type\" content=\"article\" \/>\n<meta property=\"og:title\" content=\"A Propos - WordPress\" \/>\n<meta property=\"og:description\" content=\"Qui sommes nous ? nous sommes une \u00e9quipe passionn\u00e9e d\u00e9di\u00e9e \u00e0 ouvrir les portes du monde pour les \u00e9tudiants et les professionnels tunisiens. Notre mission est de faciliter l&rsquo;acc\u00e8s \u00e0 des opportunit\u00e9s \u00e9ducatives et professionnelles internationales, car nous croyons fermement que l&rsquo;exp\u00e9rience de l&rsquo;\u00e9tude et du travail \u00e0 l&rsquo;\u00e9tranger peut transformer des vies. Notre Engagement [&hellip;]\" \/>\n<meta property=\"og:url\" content=\"https:\/\/www.novalia.com.tn\/?page_id=19\" \/>\n<meta property=\"og:site_name\" content=\"WordPress\" \/>\n<meta property=\"article:modified_time\" content=\"2023-09-22T16:27:24+00:00\" \/>\n<meta property=\"og:image\" content=\"https:\/\/www.novalia.com.tn\/wp-content\/uploads\/2023\/09\/collaborateurs-dans-salle-reunion-au-bureau-1024x683.jpg\" \/>\n<meta name=\"twitter:card\" content=\"summary_large_image\" \/>\n<meta name=\"twitter:label1\" content=\"Dur\u00e9e de lecture estim\u00e9e\" \/>\n\t<meta name=\"twitter:data1\" content=\"2 minutes\" \/>\n<script type=\"application\/ld+json\" class=\"yoast-schema-graph\">{\"@context\":\"https:\/\/schema.org\",\"@graph\":[{\"@type\":\"WebPage\",\"@id\":\"https:\/\/www.novalia.com.tn\/?page_id=19\",\"url\":\"https:\/\/www.novalia.com.tn\/?page_id=19\",\"name\":\"A Propos - WordPress\",\"isPartOf\":{\"@id\":\"https:\/\/www.novalia.com.tn\/#website\"},\"datePublished\":\"2023-09-13T13:04:56+00:00\",\"dateModified\":\"2023-09-22T16:27:24+00:00\",\"breadcrumb\":{\"@id\":\"https:\/\/www.novalia.com.tn\/?page_id=19#breadcrumb\"},\"inLanguage\":\"fr-FR\",\"potentialAction\":[{\"@type\":\"ReadAction\",\"target\":[\"https:\/\/www.novalia.com.tn\/?page_id=19\"]}]},{\"@type\":\"BreadcrumbList\",\"@id\":\"https:\/\/www.novalia.com.tn\/?page_id=19#breadcrumb\",\"itemListElement\":[{\"@type\":\"ListItem\",\"position\":1,\"name\":\"Accueil\",\"item\":\"https:\/\/www.novalia.com.tn\/\"},{\"@type\":\"ListItem\",\"position\":2,\"name\":\"A Propos\"}]},{\"@type\":\"WebSite\",\"@id\":\"https:\/\/www.novalia.com.tn\/#website\",\"url\":\"https:\/\/www.novalia.com.tn\/\",\"name\":\"WordPress\",\"description\":\"Un site utilisant WordPress\",\"publisher\":{\"@id\":\"https:\/\/www.novalia.com.tn\/#organization\"},\"potentialAction\":[{\"@type\":\"SearchAction\",\"target\":{\"@type\":\"EntryPoint\",\"urlTemplate\":\"https:\/\/www.novalia.com.tn\/?s={search_term_string}\"},\"query-input\":\"required name=search_term_string\"}],\"inLanguage\":\"fr-FR\"},{\"@type\":\"Organization\",\"@id\":\"https:\/\/www.novalia.com.tn\/#organization\",\"name\":\"WordPress\",\"url\":\"https:\/\/www.novalia.com.tn\/\",\"logo\":{\"@type\":\"ImageObject\",\"inLanguage\":\"fr-FR\",\"@id\":\"https:\/\/www.novalia.com.tn\/#\/schema\/logo\/image\/\",\"url\":\"https:\/\/www.novalia.com.tn\/wp-content\/uploads\/2023\/09\/cropped-LOGO.png\",\"contentUrl\":\"https:\/\/www.novalia.com.tn\/wp-content\/uploads\/2023\/09\/cropped-LOGO.png\",\"width\":1169,\"height\":641,\"caption\":\"WordPress\"},\"image\":{\"@id\":\"https:\/\/www.novalia.com.tn\/#\/schema\/logo\/image\/\"}}]}<\/script>\n<!-- \/ Yoast SEO plugin. -->","yoast_head_json":{"title":"A Propos - WordPress","robots":{"index":"index","follow":"follow","max-snippet":"max-snippet:-1","max-image-preview":"max-image-preview:large","max-video-preview":"max-video-preview:-1"},"canonical":"https:\/\/www.novalia.com.tn\/?page_id=19","og_locale":"fr_FR","og_type":"article","og_title":"A Propos - WordPress","og_description":"Qui sommes nous ? nous sommes une \u00e9quipe passionn\u00e9e d\u00e9di\u00e9e \u00e0 ouvrir les portes du monde pour les \u00e9tudiants et les professionnels tunisiens. Notre mission est de faciliter l&rsquo;acc\u00e8s \u00e0 des opportunit\u00e9s \u00e9ducatives et professionnelles internationales, car nous croyons fermement que l&rsquo;exp\u00e9rience de l&rsquo;\u00e9tude et du travail \u00e0 l&rsquo;\u00e9tranger peut transformer des vies. Notre Engagement [&hellip;]","og_url":"https:\/\/www.novalia.com.tn\/?page_id=19","og_site_name":"WordPress","article_modified_time":"2023-09-22T16:27:24+00:00","og_image":[{"url":"https:\/\/www.novalia.com.tn\/wp-content\/uploads\/2023\/09\/collaborateurs-dans-salle-reunion-au-bureau-1024x683.jpg"}],"twitter_card":"summary_large_image","twitter_misc":{"Dur\u00e9e de lecture estim\u00e9e":"2 minutes"},"schema":{"@context":"https:\/\/schema.org","@graph":[{"@type":"WebPage","@id":"https:\/\/www.novalia.com.tn\/?page_id=19","url":"https:\/\/www.novalia.com.tn\/?page_id=19","name":"A Propos - WordPress","isPartOf":{"@id":"https:\/\/www.novalia.com.tn\/#website"},"datePublished":"2023-09-13T13:04:56+00:00","dateModified":"2023-09-22T16:27:24+00:00","breadcrumb":{"@id":"https:\/\/www.novalia.com.tn\/?page_id=19#breadcrumb"},"inLanguage":"fr-FR","potentialAction":[{"@type":"ReadAction","target":["https:\/\/www.novalia.com.tn\/?page_id=19"]}]},{"@type":"BreadcrumbList","@id":"https:\/\/www.novalia.com.tn\/?page_id=19#breadcrumb","itemListElement":[{"@type":"ListItem","position":1,"name":"Accueil","item":"https:\/\/www.novalia.com.tn\/"},{"@type":"ListItem","position":2,"name":"A Propos"}]},{"@type":"WebSite","@id":"https:\/\/www.novalia.com.tn\/#website","url":"https:\/\/www.novalia.com.tn\/","name":"WordPress","description":"Un site utilisant WordPress","publisher":{"@id":"https:\/\/www.novalia.com.tn\/#organization"},"potentialAction":[{"@type":"SearchAction","target":{"@type":"EntryPoint","urlTemplate":"https:\/\/www.novalia.com.tn\/?s={search_term_string}"},"query-input":"required name=search_term_string"}],"inLanguage":"fr-FR"},{"@type":"Organization","@id":"https:\/\/www.novalia.com.tn\/#organization","name":"WordPress","url":"https:\/\/www.novalia.com.tn\/","logo":{"@type":"ImageObject","inLanguage":"fr-FR","@id":"https:\/\/www.novalia.com.tn\/#\/schema\/logo\/image\/","url":"https:\/\/www.novalia.com.tn\/wp-content\/uploads\/2023\/09\/cropped-LOGO.png","contentUrl":"https:\/\/www.novalia.com.tn\/wp-content\/uploads\/2023\/09\/cropped-LOGO.png","width":1169,"height":641,"caption":"WordPress"},"image":{"@id":"https:\/\/www.novalia.com.tn\/#\/schema\/logo\/image\/"}}]}},"_links":{"self":[{"href":"https:\/\/www.novalia.com.tn\/index.php?rest_route=\/wp\/v2\/pages\/19","targetHints":{"allow":["GET"]}}],"collection":[{"href":"https:\/\/www.novalia.com.tn\/index.php?rest_route=\/wp\/v2\/pages"}],"about":[{"href":"https:\/\/www.novalia.com.tn\/index.php?rest_route=\/wp\/v2\/types\/page"}],"author":[{"embeddable":true,"href":"https:\/\/www.novalia.com.tn\/index.php?rest_route=\/wp\/v2\/users\/1"}],"replies":[{"embeddable":true,"href":"https:\/\/www.novalia.com.tn\/index.php?rest_route=%2Fwp%2Fv2%2Fcomments&post=19"}],"version-history":[{"count":22,"href":"https:\/\/www.novalia.com.tn\/index.php?rest_route=\/wp\/v2\/pages\/19\/revisions"}],"predecessor-version":[{"id":304,"href":"https:\/\/www.novalia.com.tn\/index.php?rest_route=\/wp\/v2\/pages\/19\/revisions\/304"}],"wp:attachment":[{"href":"https:\/\/www.novalia.com.tn\/index.php?rest_route=%2Fwp%2Fv2%2Fmedia&parent=19"}],"curies":[{"name":"wp","href":"https:\/\/api.w.org\/{rel}","templated":true}]}}