{"id":17,"date":"2023-09-13T15:04:25","date_gmt":"2023-09-13T13:04:25","guid":{"rendered":"http:\/\/www.novalia.com.tn\/?page_id=17"},"modified":"2023-09-18T14:48:50","modified_gmt":"2023-09-18T12:48:50","slug":"nos-services","status":"publish","type":"page","link":"https:\/\/www.novalia.com.tn\/?page_id=17","title":{"rendered":"Nos Services"},"content":{"rendered":"\t\t<div data-elementor-type=\"wp-page\" data-elementor-id=\"17\" class=\"elementor elementor-17\">\n\t\t\t\t\t\t\t<div class=\"elementor-element elementor-element-760a152f e-con-full e-flex e-con e-parent\" data-id=\"760a152f\" data-element_type=\"container\" data-settings=\"{&quot;background_background&quot;:&quot;classic&quot;,&quot;content_width&quot;:&quot;full&quot;}\" data-core-v316-plus=\"true\">\n\t\t<div class=\"elementor-element elementor-element-37c93c52 e-con-full e-flex e-con e-child\" data-id=\"37c93c52\" data-element_type=\"container\" data-settings=\"{&quot;content_width&quot;:&quot;full&quot;}\">\n\t\t\t\t<div class=\"elementor-element elementor-element-571cf9ba elementor-widget elementor-widget-image\" data-id=\"571cf9ba\" data-element_type=\"widget\" data-widget_type=\"image.default\">\n\t\t\t\t<div class=\"elementor-widget-container\">\n\t\t\t<style>\/*! elementor - v3.16.0 - 13-09-2023 *\/\n.elementor-widget-image{text-align:center}.elementor-widget-image a{display:inline-block}.elementor-widget-image a img[src$=\".svg\"]{width:48px}.elementor-widget-image img{vertical-align:middle;display:inline-block}<\/style>\t\t\t\t\t\t\t\t\t\t\t\t<img loading=\"lazy\" decoding=\"async\" width=\"1024\" height=\"683\" src=\"https:\/\/www.novalia.com.tn\/wp-content\/uploads\/2023\/09\/vous-devez-faire-attention-votre-demande-visa-agent-commercial-montrant-permis-voyage-certains-clients-du-bureau-avant-partir-vacances-etranger-1024x683.jpg\" class=\"attachment-large size-large wp-image-118\" alt=\"\" srcset=\"https:\/\/www.novalia.com.tn\/wp-content\/uploads\/2023\/09\/vous-devez-faire-attention-votre-demande-visa-agent-commercial-montrant-permis-voyage-certains-clients-du-bureau-avant-partir-vacances-etranger-1024x683.jpg 1024w, https:\/\/www.novalia.com.tn\/wp-content\/uploads\/2023\/09\/vous-devez-faire-attention-votre-demande-visa-agent-commercial-montrant-permis-voyage-certains-clients-du-bureau-avant-partir-vacances-etranger-300x200.jpg 300w, https:\/\/www.novalia.com.tn\/wp-content\/uploads\/2023\/09\/vous-devez-faire-attention-votre-demande-visa-agent-commercial-montrant-permis-voyage-certains-clients-du-bureau-avant-partir-vacances-etranger-768x512.jpg 768w, https:\/\/www.novalia.com.tn\/wp-content\/uploads\/2023\/09\/vous-devez-faire-attention-votre-demande-visa-agent-commercial-montrant-permis-voyage-certains-clients-du-bureau-avant-partir-vacances-etranger-1536x1025.jpg 1536w, https:\/\/www.novalia.com.tn\/wp-content\/uploads\/2023\/09\/vous-devez-faire-attention-votre-demande-visa-agent-commercial-montrant-permis-voyage-certains-clients-du-bureau-avant-partir-vacances-etranger-2048x1366.jpg 2048w\" sizes=\"auto, (max-width: 1024px) 100vw, 1024px\" \/>\t\t\t\t\t\t\t\t\t\t\t\t\t\t\t<\/div>\n\t\t\t\t<\/div>\n\t\t\t\t<\/div>\n\t\t<div class=\"elementor-element elementor-element-1971a0bd e-con-full e-flex e-con e-child\" data-id=\"1971a0bd\" data-element_type=\"container\" data-settings=\"{&quot;content_width&quot;:&quot;full&quot;}\">\n\t\t\t\t<div class=\"elementor-element elementor-element-24a90904 elementor-widget elementor-widget-heading\" data-id=\"24a90904\" data-element_type=\"widget\" data-widget_type=\"heading.default\">\n\t\t\t\t<div class=\"elementor-widget-container\">\n\t\t\t<style>\/*! elementor - v3.16.0 - 13-09-2023 *\/\n.elementor-heading-title{padding:0;margin:0;line-height:1}.elementor-widget-heading .elementor-heading-title[class*=elementor-size-]>a{color:inherit;font-size:inherit;line-height:inherit}.elementor-widget-heading .elementor-heading-title.elementor-size-small{font-size:15px}.elementor-widget-heading .elementor-heading-title.elementor-size-medium{font-size:19px}.elementor-widget-heading .elementor-heading-title.elementor-size-large{font-size:29px}.elementor-widget-heading .elementor-heading-title.elementor-size-xl{font-size:39px}.elementor-widget-heading .elementor-heading-title.elementor-size-xxl{font-size:59px}<\/style><h1 class=\"elementor-heading-title elementor-size-default\">D\u00e9couvrez comment nous pouvons vous aider \u00e0 atteindre vos objectifs :\n\n<\/h1>\t\t<\/div>\n\t\t\t\t<\/div>\n\t\t\t\t<div class=\"elementor-element elementor-element-4a669f2e elementor-widget elementor-widget-text-editor\" data-id=\"4a669f2e\" data-element_type=\"widget\" data-widget_type=\"text-editor.default\">\n\t\t\t\t<div class=\"elementor-widget-container\">\n\t\t\t<style>\/*! elementor - v3.16.0 - 13-09-2023 *\/\n.elementor-widget-text-editor.elementor-drop-cap-view-stacked .elementor-drop-cap{background-color:#69727d;color:#fff}.elementor-widget-text-editor.elementor-drop-cap-view-framed .elementor-drop-cap{color:#69727d;border:3px solid;background-color:transparent}.elementor-widget-text-editor:not(.elementor-drop-cap-view-default) .elementor-drop-cap{margin-top:8px}.elementor-widget-text-editor:not(.elementor-drop-cap-view-default) .elementor-drop-cap-letter{width:1em;height:1em}.elementor-widget-text-editor .elementor-drop-cap{float:left;text-align:center;line-height:1;font-size:50px}.elementor-widget-text-editor .elementor-drop-cap-letter{display:inline-block}<\/style>\t\t\t\t\t\t\t\t\t\t<\/div>\n\t\t\t\t<\/div>\n\t\t\t\t<\/div>\n\t\t\t\t<\/div>\n\t\t<div class=\"elementor-element elementor-element-5c8be43c e-con-full e-flex e-con e-parent\" data-id=\"5c8be43c\" data-element_type=\"container\" data-settings=\"{&quot;background_background&quot;:&quot;classic&quot;,&quot;content_width&quot;:&quot;full&quot;}\" data-core-v316-plus=\"true\">\n\t\t<div class=\"elementor-element elementor-element-365be22b e-con-full e-flex e-con e-child\" data-id=\"365be22b\" data-element_type=\"container\" data-settings=\"{&quot;content_width&quot;:&quot;full&quot;}\">\n\t\t\t\t<div class=\"elementor-element elementor-element-151fdc7b elementor-widget elementor-widget-heading\" data-id=\"151fdc7b\" data-element_type=\"widget\" data-widget_type=\"heading.default\">\n\t\t\t\t<div class=\"elementor-widget-container\">\n\t\t\t<h2 class=\"elementor-heading-title elementor-size-default\">\u00c9tudier \u00e0 l'\u00c9tranger :<\/h2>\t\t<\/div>\n\t\t\t\t<\/div>\n\t\t\t\t<div class=\"elementor-element elementor-element-5173aaa7 elementor-widget elementor-widget-text-editor\" data-id=\"5173aaa7\" data-element_type=\"widget\" data-widget_type=\"text-editor.default\">\n\t\t\t\t<div class=\"elementor-widget-container\">\n\t\t\t\t\t\t\t<p>\u00c9tudier \u00e0 l&rsquo;\u00e9tranger est une exp\u00e9rience transformative qui enrichit non seulement votre bagage acad\u00e9mique, mais aussi votre vie personnelle. Vous aurez l&rsquo;opportunit\u00e9 d&rsquo;explorer de nouvelles cultures, de nouer des amiti\u00e9s internationales durables, et de d\u00e9velopper une perspective mondiale qui vous sera pr\u00e9cieuse dans votre future carri\u00e8re. Chez <strong>NOVALIA<\/strong>, nous comprenons que choisir le bon programme acad\u00e9mique et l&rsquo;universit\u00e9 \u00e0 l&rsquo;\u00e9tranger peut \u00eatre une t\u00e2che complexe. C&rsquo;est pourquoi nous sommes ici pour vous simplifier le processus. Nous vous aiderons \u00e0 trouver le programme qui correspond \u00e0 vos objectifs acad\u00e9miques, \u00e0 vous pr\u00e9parer aux examens d&rsquo;admission, \u00e0 g\u00e9rer les formalit\u00e9s administratives, et \u00e0 faciliter votre transition vers votre nouvelle vie d&rsquo;\u00e9tudiant \u00e0 l&rsquo;\u00e9tranger. D\u00e9couvrez le monde de l&rsquo;\u00e9ducation internationale avec nous et ouvrez la porte \u00e0 des opportunit\u00e9s infinies.<\/p>\t\t\t\t\t\t<\/div>\n\t\t\t\t<\/div>\n\t\t\t\t<\/div>\n\t\t<div class=\"elementor-element elementor-element-2624b4ad e-con-full e-flex e-con e-child\" data-id=\"2624b4ad\" data-element_type=\"container\" data-settings=\"{&quot;content_width&quot;:&quot;full&quot;}\">\n\t\t\t\t<div class=\"elementor-element elementor-element-328230b9 elementor-widget elementor-widget-image\" data-id=\"328230b9\" data-element_type=\"widget\" data-widget_type=\"image.default\">\n\t\t\t\t<div class=\"elementor-widget-container\">\n\t\t\t\t\t\t\t\t\t\t\t\t\t\t\t<img loading=\"lazy\" decoding=\"async\" width=\"1024\" height=\"684\" src=\"https:\/\/www.novalia.com.tn\/wp-content\/uploads\/2023\/09\/etudier-a-l-etranger-1-1024x684.jpg\" class=\"attachment-large size-large wp-image-124\" alt=\"\" srcset=\"https:\/\/www.novalia.com.tn\/wp-content\/uploads\/2023\/09\/etudier-a-l-etranger-1-1024x684.jpg 1024w, https:\/\/www.novalia.com.tn\/wp-content\/uploads\/2023\/09\/etudier-a-l-etranger-1-300x200.jpg 300w, https:\/\/www.novalia.com.tn\/wp-content\/uploads\/2023\/09\/etudier-a-l-etranger-1-768x513.jpg 768w, https:\/\/www.novalia.com.tn\/wp-content\/uploads\/2023\/09\/etudier-a-l-etranger-1.jpg 1200w\" sizes=\"auto, (max-width: 1024px) 100vw, 1024px\" \/>\t\t\t\t\t\t\t\t\t\t\t\t\t\t\t<\/div>\n\t\t\t\t<\/div>\n\t\t\t\t<\/div>\n\t\t\t\t<\/div>\n\t\t<div class=\"elementor-element elementor-element-7240388d e-con-full e-flex e-con e-parent\" data-id=\"7240388d\" data-element_type=\"container\" data-settings=\"{&quot;background_background&quot;:&quot;classic&quot;,&quot;content_width&quot;:&quot;full&quot;}\" data-core-v316-plus=\"true\">\n\t\t<div class=\"elementor-element elementor-element-5b7f2b6b e-con-full e-flex e-con e-child\" data-id=\"5b7f2b6b\" data-element_type=\"container\" data-settings=\"{&quot;content_width&quot;:&quot;full&quot;}\">\n\t\t\t\t<div class=\"elementor-element elementor-element-421aa64b elementor-widget elementor-widget-heading\" data-id=\"421aa64b\" data-element_type=\"widget\" data-widget_type=\"heading.default\">\n\t\t\t\t<div class=\"elementor-widget-container\">\n\t\t\t<h2 class=\"elementor-heading-title elementor-size-default\">Travailler \u00e0 l'\u00c9tranger<\/h2>\t\t<\/div>\n\t\t\t\t<\/div>\n\t\t\t\t<div class=\"elementor-element elementor-element-4c18f252 elementor-widget elementor-widget-text-editor\" data-id=\"4c18f252\" data-element_type=\"widget\" data-widget_type=\"text-editor.default\">\n\t\t\t\t<div class=\"elementor-widget-container\">\n\t\t\t\t\t\t\t<p>Le monde du travail devient de plus en plus international, offrant d&rsquo;innombrables opportunit\u00e9s passionnantes pour ceux qui cherchent \u00e0 \u00e9largir leurs horizons professionnels. Travailler \u00e0 l&rsquo;\u00e9tranger n&rsquo;est plus seulement une aventure, c&rsquo;est une v\u00e9ritable strat\u00e9gie de d\u00e9veloppement de carri\u00e8re. Vous aurez l&rsquo;occasion d&rsquo;acqu\u00e9rir une exp\u00e9rience internationale pr\u00e9cieuse, d&rsquo;am\u00e9liorer vos comp\u00e9tences linguistiques, et d&rsquo;\u00e9tablir des r\u00e9seaux professionnels mondiaux. Chez <strong>NOVALIA<\/strong>, nous sommes l\u00e0 pour vous guider dans cette aventure. Que vous cherchiez \u00e0 d\u00e9crocher un emploi temporaire \u00e0 l&rsquo;\u00e9tranger, \u00e0 explorer une carri\u00e8re internationale \u00e0 long terme, ou m\u00eame \u00e0 lancer votre propre entreprise \u00e0 l&rsquo;\u00e9tranger, nous avons les connaissances et les ressources n\u00e9cessaires pour vous aider \u00e0 r\u00e9ussir.\u00a0\u00bb\u00a0\u00bb<\/p>\t\t\t\t\t\t<\/div>\n\t\t\t\t<\/div>\n\t\t\t\t<\/div>\n\t\t<div class=\"elementor-element elementor-element-3324e7ae e-con-full e-flex e-con e-child\" data-id=\"3324e7ae\" data-element_type=\"container\" data-settings=\"{&quot;content_width&quot;:&quot;full&quot;}\">\n\t\t\t\t<div class=\"elementor-element elementor-element-64809e28 elementor-widget elementor-widget-image\" data-id=\"64809e28\" data-element_type=\"widget\" data-widget_type=\"image.default\">\n\t\t\t\t<div class=\"elementor-widget-container\">\n\t\t\t\t\t\t\t\t\t\t\t\t\t\t\t<img loading=\"lazy\" decoding=\"async\" width=\"500\" height=\"352\" src=\"https:\/\/www.novalia.com.tn\/wp-content\/uploads\/2023\/09\/shutterstock_196142720-3.jpg\" class=\"attachment-large size-large wp-image-128\" alt=\"\" srcset=\"https:\/\/www.novalia.com.tn\/wp-content\/uploads\/2023\/09\/shutterstock_196142720-3.jpg 500w, https:\/\/www.novalia.com.tn\/wp-content\/uploads\/2023\/09\/shutterstock_196142720-3-300x211.jpg 300w\" sizes=\"auto, (max-width: 500px) 100vw, 500px\" \/>\t\t\t\t\t\t\t\t\t\t\t\t\t\t\t<\/div>\n\t\t\t\t<\/div>\n\t\t\t\t<\/div>\n\t\t\t\t<\/div>\n\t\t<div class=\"elementor-element elementor-element-1d2b79b e-con-full e-flex e-con e-parent\" data-id=\"1d2b79b\" data-element_type=\"container\" data-settings=\"{&quot;background_background&quot;:&quot;classic&quot;,&quot;content_width&quot;:&quot;full&quot;}\" data-core-v316-plus=\"true\">\n\t\t<div class=\"elementor-element elementor-element-33d48ed e-con-full e-flex e-con e-child\" data-id=\"33d48ed\" data-element_type=\"container\" data-settings=\"{&quot;content_width&quot;:&quot;full&quot;}\">\n\t\t\t\t<div class=\"elementor-element elementor-element-7e0b5d75 elementor-widget elementor-widget-heading\" data-id=\"7e0b5d75\" data-element_type=\"widget\" data-widget_type=\"heading.default\">\n\t\t\t\t<div class=\"elementor-widget-container\">\n\t\t\t<h2 class=\"elementor-heading-title elementor-size-default\">Emplois de croisi\u00e8re<\/h2>\t\t<\/div>\n\t\t\t\t<\/div>\n\t\t\t\t<div class=\"elementor-element elementor-element-35fea457 elementor-widget elementor-widget-text-editor\" data-id=\"35fea457\" data-element_type=\"widget\" data-widget_type=\"text-editor.default\">\n\t\t\t\t<div class=\"elementor-widget-container\">\n\t\t\t\t\t\t\t<p>Chez <strong>NOVALIA<\/strong>, nous comprenons \u00e0 quel point l&rsquo;industrie des croisi\u00e8res peut offrir des opportunit\u00e9s de carri\u00e8re passionnantes et uniques. Si vous avez toujours r\u00eav\u00e9 de travailler \u00e0 bord d&rsquo;un navire de croisi\u00e8re, que ce soit en tant que membre de l&rsquo;\u00e9quipage ou dans un r\u00f4le sp\u00e9cialis\u00e9, nous sommes l\u00e0 pour vous aider \u00e0 concr\u00e9tiser ce r\u00eave.<\/p>\t\t\t\t\t\t<\/div>\n\t\t\t\t<\/div>\n\t\t\t\t<\/div>\n\t\t<div class=\"elementor-element elementor-element-5079fee1 e-con-full e-flex e-con e-child\" data-id=\"5079fee1\" data-element_type=\"container\" data-settings=\"{&quot;content_width&quot;:&quot;full&quot;}\">\n\t\t\t\t<div class=\"elementor-element elementor-element-5527b7e3 elementor-widget elementor-widget-image\" data-id=\"5527b7e3\" data-element_type=\"widget\" data-widget_type=\"image.default\">\n\t\t\t\t<div class=\"elementor-widget-container\">\n\t\t\t\t\t\t\t\t\t\t\t\t\t\t\t<img loading=\"lazy\" decoding=\"async\" width=\"1024\" height=\"597\" src=\"https:\/\/www.novalia.com.tn\/wp-content\/uploads\/2023\/09\/Top-16-Ways-You-Can-Cruise-for-Cheap-feature-1024x597.jpg.webp\" class=\"attachment-large size-large wp-image-142\" alt=\"\" srcset=\"https:\/\/www.novalia.com.tn\/wp-content\/uploads\/2023\/09\/Top-16-Ways-You-Can-Cruise-for-Cheap-feature-1024x597.jpg.webp 1024w, https:\/\/www.novalia.com.tn\/wp-content\/uploads\/2023\/09\/Top-16-Ways-You-Can-Cruise-for-Cheap-feature-1024x597.jpg-300x175.webp 300w, https:\/\/www.novalia.com.tn\/wp-content\/uploads\/2023\/09\/Top-16-Ways-You-Can-Cruise-for-Cheap-feature-1024x597.jpg-768x448.webp 768w\" sizes=\"auto, (max-width: 1024px) 100vw, 1024px\" \/>\t\t\t\t\t\t\t\t\t\t\t\t\t\t\t<\/div>\n\t\t\t\t<\/div>\n\t\t\t\t<\/div>\n\t\t\t\t<\/div>\n\t\t\t\t\t\t\t<\/div>\n\t\t","protected":false},"excerpt":{"rendered":"<p>D\u00e9couvrez comment nous pouvons vous aider \u00e0 atteindre vos objectifs : \u00c9tudier \u00e0 l&rsquo;\u00c9tranger : \u00c9tudier \u00e0 l&rsquo;\u00e9tranger est une exp\u00e9rience transformative qui enrichit non seulement votre bagage acad\u00e9mique, mais aussi votre vie personnelle. Vous aurez l&rsquo;opportunit\u00e9 d&rsquo;explorer de nouvelles cultures, de nouer des amiti\u00e9s internationales durables, et de d\u00e9velopper une perspective mondiale qui vous [&hellip;]<\/p>\n","protected":false},"author":1,"featured_media":0,"parent":0,"menu_order":0,"comment_status":"closed","ping_status":"closed","template":"","meta":{"footnotes":""},"class_list":["post-17","page","type-page","status-publish","hentry","entry"],"yoast_head":"<!-- This site is optimized with the Yoast SEO plugin v21.1 - https:\/\/yoast.com\/wordpress\/plugins\/seo\/ -->\n<title>Nos Services - WordPress<\/title>\n<meta name=\"robots\" content=\"index, follow, max-snippet:-1, max-image-preview:large, max-video-preview:-1\" \/>\n<link rel=\"canonical\" href=\"https:\/\/www.novalia.com.tn\/?page_id=17\" \/>\n<meta property=\"og:locale\" content=\"fr_FR\" \/>\n<meta property=\"og:type\" content=\"article\" \/>\n<meta property=\"og:title\" content=\"Nos Services - WordPress\" \/>\n<meta property=\"og:description\" content=\"D\u00e9couvrez comment nous pouvons vous aider \u00e0 atteindre vos objectifs : \u00c9tudier \u00e0 l&rsquo;\u00c9tranger : \u00c9tudier \u00e0 l&rsquo;\u00e9tranger est une exp\u00e9rience transformative qui enrichit non seulement votre bagage acad\u00e9mique, mais aussi votre vie personnelle. Vous aurez l&rsquo;opportunit\u00e9 d&rsquo;explorer de nouvelles cultures, de nouer des amiti\u00e9s internationales durables, et de d\u00e9velopper une perspective mondiale qui vous [&hellip;]\" \/>\n<meta property=\"og:url\" content=\"https:\/\/www.novalia.com.tn\/?page_id=17\" \/>\n<meta property=\"og:site_name\" content=\"WordPress\" \/>\n<meta property=\"article:modified_time\" content=\"2023-09-18T12:48:50+00:00\" \/>\n<meta property=\"og:image\" content=\"http:\/\/www.novalia.com.tn\/wp-content\/uploads\/2023\/09\/vous-devez-faire-attention-votre-demande-visa-agent-commercial-montrant-permis-voyage-certains-clients-du-bureau-avant-partir-vacances-etranger-1024x683.jpg\" \/>\n<meta name=\"twitter:card\" content=\"summary_large_image\" \/>\n<meta name=\"twitter:label1\" content=\"Dur\u00e9e de lecture estim\u00e9e\" \/>\n\t<meta name=\"twitter:data1\" content=\"3 minutes\" \/>\n<script type=\"application\/ld+json\" class=\"yoast-schema-graph\">{\"@context\":\"https:\/\/schema.org\",\"@graph\":[{\"@type\":\"WebPage\",\"@id\":\"https:\/\/www.novalia.com.tn\/?page_id=17\",\"url\":\"https:\/\/www.novalia.com.tn\/?page_id=17\",\"name\":\"Nos Services - WordPress\",\"isPartOf\":{\"@id\":\"https:\/\/www.novalia.com.tn\/#website\"},\"datePublished\":\"2023-09-13T13:04:25+00:00\",\"dateModified\":\"2023-09-18T12:48:50+00:00\",\"breadcrumb\":{\"@id\":\"https:\/\/www.novalia.com.tn\/?page_id=17#breadcrumb\"},\"inLanguage\":\"fr-FR\",\"potentialAction\":[{\"@type\":\"ReadAction\",\"target\":[\"https:\/\/www.novalia.com.tn\/?page_id=17\"]}]},{\"@type\":\"BreadcrumbList\",\"@id\":\"https:\/\/www.novalia.com.tn\/?page_id=17#breadcrumb\",\"itemListElement\":[{\"@type\":\"ListItem\",\"position\":1,\"name\":\"Accueil\",\"item\":\"https:\/\/www.novalia.com.tn\/\"},{\"@type\":\"ListItem\",\"position\":2,\"name\":\"Nos Services\"}]},{\"@type\":\"WebSite\",\"@id\":\"https:\/\/www.novalia.com.tn\/#website\",\"url\":\"https:\/\/www.novalia.com.tn\/\",\"name\":\"WordPress\",\"description\":\"Un site utilisant WordPress\",\"publisher\":{\"@id\":\"https:\/\/www.novalia.com.tn\/#organization\"},\"potentialAction\":[{\"@type\":\"SearchAction\",\"target\":{\"@type\":\"EntryPoint\",\"urlTemplate\":\"https:\/\/www.novalia.com.tn\/?s={search_term_string}\"},\"query-input\":\"required name=search_term_string\"}],\"inLanguage\":\"fr-FR\"},{\"@type\":\"Organization\",\"@id\":\"https:\/\/www.novalia.com.tn\/#organization\",\"name\":\"WordPress\",\"url\":\"https:\/\/www.novalia.com.tn\/\",\"logo\":{\"@type\":\"ImageObject\",\"inLanguage\":\"fr-FR\",\"@id\":\"https:\/\/www.novalia.com.tn\/#\/schema\/logo\/image\/\",\"url\":\"https:\/\/www.novalia.com.tn\/wp-content\/uploads\/2023\/09\/cropped-LOGO.png\",\"contentUrl\":\"https:\/\/www.novalia.com.tn\/wp-content\/uploads\/2023\/09\/cropped-LOGO.png\",\"width\":1169,\"height\":641,\"caption\":\"WordPress\"},\"image\":{\"@id\":\"https:\/\/www.novalia.com.tn\/#\/schema\/logo\/image\/\"}}]}<\/script>\n<!-- \/ Yoast SEO plugin. -->","yoast_head_json":{"title":"Nos Services - WordPress","robots":{"index":"index","follow":"follow","max-snippet":"max-snippet:-1","max-image-preview":"max-image-preview:large","max-video-preview":"max-video-preview:-1"},"canonical":"https:\/\/www.novalia.com.tn\/?page_id=17","og_locale":"fr_FR","og_type":"article","og_title":"Nos Services - WordPress","og_description":"D\u00e9couvrez comment nous pouvons vous aider \u00e0 atteindre vos objectifs : \u00c9tudier \u00e0 l&rsquo;\u00c9tranger : \u00c9tudier \u00e0 l&rsquo;\u00e9tranger est une exp\u00e9rience transformative qui enrichit non seulement votre bagage acad\u00e9mique, mais aussi votre vie personnelle. Vous aurez l&rsquo;opportunit\u00e9 d&rsquo;explorer de nouvelles cultures, de nouer des amiti\u00e9s internationales durables, et de d\u00e9velopper une perspective mondiale qui vous [&hellip;]","og_url":"https:\/\/www.novalia.com.tn\/?page_id=17","og_site_name":"WordPress","article_modified_time":"2023-09-18T12:48:50+00:00","og_image":[{"url":"http:\/\/www.novalia.com.tn\/wp-content\/uploads\/2023\/09\/vous-devez-faire-attention-votre-demande-visa-agent-commercial-montrant-permis-voyage-certains-clients-du-bureau-avant-partir-vacances-etranger-1024x683.jpg"}],"twitter_card":"summary_large_image","twitter_misc":{"Dur\u00e9e de lecture estim\u00e9e":"3 minutes"},"schema":{"@context":"https:\/\/schema.org","@graph":[{"@type":"WebPage","@id":"https:\/\/www.novalia.com.tn\/?page_id=17","url":"https:\/\/www.novalia.com.tn\/?page_id=17","name":"Nos Services - WordPress","isPartOf":{"@id":"https:\/\/www.novalia.com.tn\/#website"},"datePublished":"2023-09-13T13:04:25+00:00","dateModified":"2023-09-18T12:48:50+00:00","breadcrumb":{"@id":"https:\/\/www.novalia.com.tn\/?page_id=17#breadcrumb"},"inLanguage":"fr-FR","potentialAction":[{"@type":"ReadAction","target":["https:\/\/www.novalia.com.tn\/?page_id=17"]}]},{"@type":"BreadcrumbList","@id":"https:\/\/www.novalia.com.tn\/?page_id=17#breadcrumb","itemListElement":[{"@type":"ListItem","position":1,"name":"Accueil","item":"https:\/\/www.novalia.com.tn\/"},{"@type":"ListItem","position":2,"name":"Nos Services"}]},{"@type":"WebSite","@id":"https:\/\/www.novalia.com.tn\/#website","url":"https:\/\/www.novalia.com.tn\/","name":"WordPress","description":"Un site utilisant WordPress","publisher":{"@id":"https:\/\/www.novalia.com.tn\/#organization"},"potentialAction":[{"@type":"SearchAction","target":{"@type":"EntryPoint","urlTemplate":"https:\/\/www.novalia.com.tn\/?s={search_term_string}"},"query-input":"required name=search_term_string"}],"inLanguage":"fr-FR"},{"@type":"Organization","@id":"https:\/\/www.novalia.com.tn\/#organization","name":"WordPress","url":"https:\/\/www.novalia.com.tn\/","logo":{"@type":"ImageObject","inLanguage":"fr-FR","@id":"https:\/\/www.novalia.com.tn\/#\/schema\/logo\/image\/","url":"https:\/\/www.novalia.com.tn\/wp-content\/uploads\/2023\/09\/cropped-LOGO.png","contentUrl":"https:\/\/www.novalia.com.tn\/wp-content\/uploads\/2023\/09\/cropped-LOGO.png","width":1169,"height":641,"caption":"WordPress"},"image":{"@id":"https:\/\/www.novalia.com.tn\/#\/schema\/logo\/image\/"}}]}},"_links":{"self":[{"href":"https:\/\/www.novalia.com.tn\/index.php?rest_route=\/wp\/v2\/pages\/17","targetHints":{"allow":["GET"]}}],"collection":[{"href":"https:\/\/www.novalia.com.tn\/index.php?rest_route=\/wp\/v2\/pages"}],"about":[{"href":"https:\/\/www.novalia.com.tn\/index.php?rest_route=\/wp\/v2\/types\/page"}],"author":[{"embeddable":true,"href":"https:\/\/www.novalia.com.tn\/index.php?rest_route=\/wp\/v2\/users\/1"}],"replies":[{"embeddable":true,"href":"https:\/\/www.novalia.com.tn\/index.php?rest_route=%2Fwp%2Fv2%2Fcomments&post=17"}],"version-history":[{"count":19,"href":"https:\/\/www.novalia.com.tn\/index.php?rest_route=\/wp\/v2\/pages\/17\/revisions"}],"predecessor-version":[{"id":150,"href":"https:\/\/www.novalia.com.tn\/index.php?rest_route=\/wp\/v2\/pages\/17\/revisions\/150"}],"wp:attachment":[{"href":"https:\/\/www.novalia.com.tn\/index.php?rest_route=%2Fwp%2Fv2%2Fmedia&parent=17"}],"curies":[{"name":"wp","href":"https:\/\/api.w.org\/{rel}","templated":true}]}}